{"id":14903,"date":"2026-04-02T15:34:43","date_gmt":"2026-04-02T19:34:43","guid":{"rendered":"https:\/\/studio-action.ca\/?post_type=product&#038;p=14903"},"modified":"2026-04-02T15:34:43","modified_gmt":"2026-04-02T19:34:43","slug":"beaver-premiere-attaque","status":"publish","type":"product","link":"https:\/\/studio-action.ca\/en\/product\/beaver-premiere-attaque\/","title":{"rendered":"Beaver: Premi\u00e8re Attaque"},"content":{"rendered":"<p>Alors que la ville de Chelsea, Qc se pr\u00e9pare \u00e0 accueillir son traditionnel festival folklorique, une vague d&#8217;attaques, par ce qui semble \u00eatre des castors g\u00e9ants, terrorise ses habitants. Appel\u00e9 comme expert, James Stratford, biologiste de renomm\u00e9e mondiale, fait \u00e9quipe avec Zo\u00e9 Bell, sergente \u00e0 la GRC, pour \u00e9lucider le myst\u00e8re derri\u00e8re la r\u00e9apparition soudaine de ces castors pr\u00e9historiques. Plus le festival se rapproche et plus les indices semblent indiqu\u00e9s qu&#8217;il ne s&#8217;agit pas de castors pr\u00e9historiques, mais plut\u00f4t de m\u00e9tamorphes, de castors-garous.<\/p>","protected":false},"excerpt":{"rendered":"<p>Alors que la ville de Chelsea, Qc se pr\u00e9pare \u00e0 accueillir son traditionnel festival folklorique, une vague d&#8217;attaques, par ce qui semble \u00eatre des castors g\u00e9ants, terrorise ses habitants. Appel\u00e9 comme expert, James Stratford, biologiste de renomm\u00e9e mondiale, fait \u00e9quipe avec Zo\u00e9 Bell, sergente \u00e0 la GRC, pour \u00e9lucider le myst\u00e8re derri\u00e8re la r\u00e9apparition soudaine [&hellip;]<\/p>\n","protected":false},"featured_media":14869,"comment_status":"open","ping_status":"closed","template":"","meta":{"om_disable_all_campaigns":false,"pmpro_default_level":"","_monsterinsights_skip_tracking":false,"_monsterinsights_sitenote_active":false,"_monsterinsights_sitenote_note":"","_monsterinsights_sitenote_category":0,"site-sidebar-layout":"default","site-content-layout":"","ast-site-content-layout":"default","site-content-style":"default","site-sidebar-style":"default","ast-global-header-display":"","ast-banner-title-visibility":"","ast-main-header-display":"","ast-hfb-above-header-display":"","ast-hfb-below-header-display":"","ast-hfb-mobile-header-display":"","site-post-title":"","ast-breadcrumbs-content":"","ast-featured-img":"","footer-sml-layout":"","ast-disable-related-posts":"","theme-transparent-header-meta":"default","adv-header-id-meta":"","stick-header-meta":"","header-above-stick-meta":"","header-main-stick-meta":"","header-below-stick-meta":"","astra-migrate-meta-layouts":"set","ast-page-background-enabled":"default","ast-page-background-meta":{"desktop":{"background-color":"","background-image":"","background-repeat":"repeat","background-position":"center center","background-size":"auto","background-attachment":"scroll","background-type":"","background-media":"","overlay-type":"","overlay-color":"","overlay-opacity":"","overlay-gradient":""},"tablet":{"background-color":"","background-image":"","background-repeat":"repeat","background-position":"center center","background-size":"auto","background-attachment":"scroll","background-type":"","background-media":"","overlay-type":"","overlay-color":"","overlay-opacity":"","overlay-gradient":""},"mobile":{"background-color":"","background-image":"","background-repeat":"repeat","background-position":"center center","background-size":"auto","background-attachment":"scroll","background-type":"","background-media":"","overlay-type":"","overlay-color":"","overlay-opacity":"","overlay-gradient":""}},"ast-content-background-meta":{"desktop":{"background-color":"var(--ast-global-color-4)","background-image":"","background-repeat":"repeat","background-position":"center center","background-size":"auto","background-attachment":"scroll","background-type":"","background-media":"","overlay-type":"","overlay-color":"","overlay-opacity":"","overlay-gradient":""},"tablet":{"background-color":"var(--ast-global-color-4)","background-image":"","background-repeat":"repeat","background-position":"center center","background-size":"auto","background-attachment":"scroll","background-type":"","background-media":"","overlay-type":"","overlay-color":"","overlay-opacity":"","overlay-gradient":""},"mobile":{"background-color":"var(--ast-global-color-4)","background-image":"","background-repeat":"repeat","background-position":"center center","background-size":"auto","background-attachment":"scroll","background-type":"","background-media":"","overlay-type":"","overlay-color":"","overlay-opacity":"","overlay-gradient":""}}},"product_brand":[],"product_cat":[147],"product_tag":[],"class_list":{"0":"post-14903","1":"product","2":"type-product","3":"status-publish","4":"has-post-thumbnail","6":"product_cat-scenarios","7":"pmpro-has-access","8":"desktop-align-left","9":"tablet-align-left","10":"mobile-align-left","12":"first","13":"instock","14":"taxable","15":"shipping-taxable","16":"purchasable","17":"product-type-simple"},"aioseo_notices":[],"_links":{"self":[{"href":"https:\/\/studio-action.ca\/en\/wp-json\/wp\/v2\/product\/14903","targetHints":{"allow":["GET"]}}],"collection":[{"href":"https:\/\/studio-action.ca\/en\/wp-json\/wp\/v2\/product"}],"about":[{"href":"https:\/\/studio-action.ca\/en\/wp-json\/wp\/v2\/types\/product"}],"replies":[{"embeddable":true,"href":"https:\/\/studio-action.ca\/en\/wp-json\/wp\/v2\/comments?post=14903"}],"version-history":[{"count":1,"href":"https:\/\/studio-action.ca\/en\/wp-json\/wp\/v2\/product\/14903\/revisions"}],"predecessor-version":[{"id":14904,"href":"https:\/\/studio-action.ca\/en\/wp-json\/wp\/v2\/product\/14903\/revisions\/14904"}],"wp:featuredmedia":[{"embeddable":true,"href":"https:\/\/studio-action.ca\/en\/wp-json\/wp\/v2\/media\/14869"}],"wp:attachment":[{"href":"https:\/\/studio-action.ca\/en\/wp-json\/wp\/v2\/media?parent=14903"}],"wp:term":[{"taxonomy":"product_brand","embeddable":true,"href":"https:\/\/studio-action.ca\/en\/wp-json\/wp\/v2\/product_brand?post=14903"},{"taxonomy":"product_cat","embeddable":true,"href":"https:\/\/studio-action.ca\/en\/wp-json\/wp\/v2\/product_cat?post=14903"},{"taxonomy":"product_tag","embeddable":true,"href":"https:\/\/studio-action.ca\/en\/wp-json\/wp\/v2\/product_tag?post=14903"}],"curies":[{"name":"wp","href":"https:\/\/api.w.org\/{rel}","templated":true}]}}